{"id":16,"date":"2023-12-07T14:37:51","date_gmt":"2023-12-07T14:37:51","guid":{"rendered":"https:\/\/votre-comptable.fr\/site\/?page_id=16"},"modified":"2023-12-07T15:39:55","modified_gmt":"2023-12-07T15:39:55","slug":"notre-cabinet","status":"publish","type":"page","link":"https:\/\/votre-comptable.fr\/site\/notre-cabinet\/","title":{"rendered":"Notre Cabinet"},"content":{"rendered":"\t\t<div data-elementor-type=\"wp-page\" data-elementor-id=\"16\" class=\"elementor elementor-16\">\n\t\t\t\t\t\t\t<div class=\"elementor-element elementor-element-7ebce99 e-flex e-con-boxed e-con e-parent\" data-id=\"7ebce99\" data-element_type=\"container\" data-settings=\"{&quot;content_width&quot;:&quot;boxed&quot;}\" data-core-v316-plus=\"true\">\n\t\t\t\t\t<div class=\"e-con-inner\">\n\t\t<div class=\"elementor-element elementor-element-afd850a e-con-full e-flex e-con e-child\" data-id=\"afd850a\" data-element_type=\"container\" data-settings=\"{&quot;content_width&quot;:&quot;full&quot;}\">\n\t\t\t\t<div class=\"elementor-element elementor-element-ee709e7 elementor-widget elementor-widget-heading\" data-id=\"ee709e7\" data-element_type=\"widget\" data-widget_type=\"heading.default\">\n\t\t\t\t<div class=\"elementor-widget-container\">\n\t\t\t<style>\/*! elementor - v3.18.0 - 06-12-2023 *\/\n.elementor-heading-title{padding:0;margin:0;line-height:1}.elementor-widget-heading .elementor-heading-title[class*=elementor-size-]>a{color:inherit;font-size:inherit;line-height:inherit}.elementor-widget-heading .elementor-heading-title.elementor-size-small{font-size:15px}.elementor-widget-heading .elementor-heading-title.elementor-size-medium{font-size:19px}.elementor-widget-heading .elementor-heading-title.elementor-size-large{font-size:29px}.elementor-widget-heading .elementor-heading-title.elementor-size-xl{font-size:39px}.elementor-widget-heading .elementor-heading-title.elementor-size-xxl{font-size:59px}<\/style><h1 class=\"elementor-heading-title elementor-size-default\">Pr\u00e9sentation du Cabinet<\/h1>\t\t<\/div>\n\t\t\t\t<\/div>\n\t\t\t\t<div class=\"elementor-element elementor-element-dfe9d33 elementor-widget elementor-widget-text-editor\" data-id=\"dfe9d33\" data-element_type=\"widget\" data-widget_type=\"text-editor.default\">\n\t\t\t\t<div class=\"elementor-widget-container\">\n\t\t\t<style>\/*! elementor - v3.18.0 - 06-12-2023 *\/\n.elementor-widget-text-editor.elementor-drop-cap-view-stacked .elementor-drop-cap{background-color:#69727d;color:#fff}.elementor-widget-text-editor.elementor-drop-cap-view-framed .elementor-drop-cap{color:#69727d;border:3px solid;background-color:transparent}.elementor-widget-text-editor:not(.elementor-drop-cap-view-default) .elementor-drop-cap{margin-top:8px}.elementor-widget-text-editor:not(.elementor-drop-cap-view-default) .elementor-drop-cap-letter{width:1em;height:1em}.elementor-widget-text-editor .elementor-drop-cap{float:left;text-align:center;line-height:1;font-size:50px}.elementor-widget-text-editor .elementor-drop-cap-letter{display:inline-block}<\/style>\t\t\t\t<p><strong>Cabinet Pasquier<\/strong>,\u00a0<em>conseil et Expertise-Comptable<\/em><br \/>86 avenue de la R\u00e9sistance<br \/>93340 Le Raincy<br \/>T\u00e9l. : <a href=\"tel:+33178788169\">01 78 78 81 69<\/a> ou <a href=\"tel:+33666926340\">06 66 92 63 40<\/a><br \/><a href=\"mailto:fvpasquier@hotmail.fr\">fvpasquier@hotmail.fr<\/a><br \/>SIRET: 49313929900033<\/p>\t\t\t\t\t\t<\/div>\n\t\t\t\t<\/div>\n\t\t\t\t<\/div>\n\t\t<div class=\"elementor-element elementor-element-4a77443 e-con-full e-flex e-con e-child\" data-id=\"4a77443\" data-element_type=\"container\" data-settings=\"{&quot;content_width&quot;:&quot;full&quot;}\">\n\t\t\t\t<div class=\"elementor-element elementor-element-3e0f8bf elementor-widget elementor-widget-image\" data-id=\"3e0f8bf\" data-element_type=\"widget\" data-widget_type=\"image.default\">\n\t\t\t\t<div class=\"elementor-widget-container\">\n\t\t\t<style>\/*! elementor - v3.18.0 - 06-12-2023 *\/\n.elementor-widget-image{text-align:center}.elementor-widget-image a{display:inline-block}.elementor-widget-image a img[src$=\".svg\"]{width:48px}.elementor-widget-image img{vertical-align:middle;display:inline-block}<\/style>\t\t\t\t\t\t\t\t\t\t\t\t<img fetchpriority=\"high\" decoding=\"async\" width=\"600\" height=\"300\" src=\"https:\/\/votre-comptable.fr\/site\/wp-content\/uploads\/2023\/12\/fabienne-pasquier-expert-comptable-illustration-2.jpg\" class=\"attachment-full size-full wp-image-124\" alt=\"\" srcset=\"https:\/\/votre-comptable.fr\/site\/wp-content\/uploads\/2023\/12\/fabienne-pasquier-expert-comptable-illustration-2.jpg 600w, https:\/\/votre-comptable.fr\/site\/wp-content\/uploads\/2023\/12\/fabienne-pasquier-expert-comptable-illustration-2-300x150.jpg 300w\" sizes=\"(max-width: 600px) 100vw, 600px\" \/>\t\t\t\t\t\t\t\t\t\t\t\t\t\t\t<\/div>\n\t\t\t\t<\/div>\n\t\t\t\t<\/div>\n\t\t\t\t\t<\/div>\n\t\t\t\t<\/div>\n\t\t<div class=\"elementor-element elementor-element-b9b55ea e-flex e-con-boxed e-con e-parent\" data-id=\"b9b55ea\" data-element_type=\"container\" data-settings=\"{&quot;content_width&quot;:&quot;boxed&quot;}\" data-core-v316-plus=\"true\">\n\t\t\t\t\t<div class=\"e-con-inner\">\n\t\t\t\t<div class=\"elementor-element elementor-element-9d4e4d3 elementor-widget elementor-widget-heading\" data-id=\"9d4e4d3\" data-element_type=\"widget\" data-widget_type=\"heading.default\">\n\t\t\t\t<div class=\"elementor-widget-container\">\n\t\t\t<h1 class=\"elementor-heading-title elementor-size-default\">Notre Equipe<\/h1>\t\t<\/div>\n\t\t\t\t<\/div>\n\t\t\t\t<div class=\"elementor-element elementor-element-8e21b37 elementor-widget elementor-widget-text-editor\" data-id=\"8e21b37\" data-element_type=\"widget\" data-widget_type=\"text-editor.default\">\n\t\t\t\t<div class=\"elementor-widget-container\">\n\t\t\t\t\t\t\t<p>Notre effectif est compos\u00e9 d&rsquo;une \u00e9quipe s\u00e9rieuse et dynamique:<\/p><ul><li><strong>Mme Fabienne Pasquier <\/strong>: Expert Comptable et qualifi\u00e9e en mati\u00e8re sociale, fiscale et juridique<\/li><li>Un ou deux collaborateurs comp\u00e9tents et serviables<\/li><\/ul><p><br \/>A cette \u00e9quipe s&rsquo;ajoutent des collaborateurs \u00e0 diff\u00e9rents stades de formation \u00e0 notre m\u00e9tier.<\/p>\t\t\t\t\t\t<\/div>\n\t\t\t\t<\/div>\n\t\t\t\t\t<\/div>\n\t\t\t\t<\/div>\n\t\t<div class=\"elementor-element elementor-element-7da0dd0 e-flex e-con-boxed e-con e-parent\" data-id=\"7da0dd0\" data-element_type=\"container\" data-settings=\"{&quot;content_width&quot;:&quot;boxed&quot;}\" data-core-v316-plus=\"true\">\n\t\t\t\t\t<div class=\"e-con-inner\">\n\t\t<div class=\"elementor-element elementor-element-29d4d4e e-con-full e-flex e-con e-child\" data-id=\"29d4d4e\" data-element_type=\"container\" data-settings=\"{&quot;content_width&quot;:&quot;full&quot;}\">\n\t\t\t\t<div class=\"elementor-element elementor-element-7419e64 elementor-widget elementor-widget-heading\" data-id=\"7419e64\" data-element_type=\"widget\" data-widget_type=\"heading.default\">\n\t\t\t\t<div class=\"elementor-widget-container\">\n\t\t\t<h1 class=\"elementor-heading-title elementor-size-default\">Nos Missions Comptables<\/h1>\t\t<\/div>\n\t\t\t\t<\/div>\n\t\t\t\t<div class=\"elementor-element elementor-element-331c68d elementor-widget elementor-widget-text-editor\" data-id=\"331c68d\" data-element_type=\"widget\" data-widget_type=\"text-editor.default\">\n\t\t\t\t<div class=\"elementor-widget-container\">\n\t\t\t\t\t\t\t<ul><li>Tenue et surveillance de la comptabilit\u00e9<\/li><li>Etablissement des comptes annuels<\/li><li>Pr\u00e9paration et pr\u00e9sentation des bilans<\/li><li>Etablissement de situation interm\u00e9diaire<\/li><li>Et plus encore&#8230;<\/li><\/ul>\t\t\t\t\t\t<\/div>\n\t\t\t\t<\/div>\n\t\t\t\t<div class=\"elementor-element elementor-element-a1a2d5c elementor-widget elementor-widget-heading\" data-id=\"a1a2d5c\" data-element_type=\"widget\" data-widget_type=\"heading.default\">\n\t\t\t\t<div class=\"elementor-widget-container\">\n\t\t\t<h1 class=\"elementor-heading-title elementor-size-default\">Nos Missions fiscales\n<\/h1>\t\t<\/div>\n\t\t\t\t<\/div>\n\t\t\t\t<div class=\"elementor-element elementor-element-2ad27b7 elementor-widget elementor-widget-text-editor\" data-id=\"2ad27b7\" data-element_type=\"widget\" data-widget_type=\"text-editor.default\">\n\t\t\t\t<div class=\"elementor-widget-container\">\n\t\t\t\t\t\t\t<ul><li>Etablissement et contr\u00f4le des d\u00e9clarations fiscales<\/li><li>Assistance en cas de v\u00e9rification de l&rsquo;administration fiscale<\/li><li>Et plus encore&#8230;<\/li><\/ul>\t\t\t\t\t\t<\/div>\n\t\t\t\t<\/div>\n\t\t\t\t<\/div>\n\t\t<div class=\"elementor-element elementor-element-b588107 e-con-full e-flex e-con e-child\" data-id=\"b588107\" data-element_type=\"container\" data-settings=\"{&quot;content_width&quot;:&quot;full&quot;}\">\n\t\t\t\t<div class=\"elementor-element elementor-element-963f7b0 elementor-widget elementor-widget-heading\" data-id=\"963f7b0\" data-element_type=\"widget\" data-widget_type=\"heading.default\">\n\t\t\t\t<div class=\"elementor-widget-container\">\n\t\t\t<h1 class=\"elementor-heading-title elementor-size-default\">Nos Missions Sociales<\/h1>\t\t<\/div>\n\t\t\t\t<\/div>\n\t\t\t\t<div class=\"elementor-element elementor-element-895a5ed elementor-widget elementor-widget-text-editor\" data-id=\"895a5ed\" data-element_type=\"widget\" data-widget_type=\"text-editor.default\">\n\t\t\t\t<div class=\"elementor-widget-container\">\n\t\t\t\t\t\t\t<ul><li>Etablissement des bulletins de paie<\/li><li>Etablissement des d\u00e9clarations sociales (embauches, licenciement&#8230;)<\/li><li>Assistance en cas de v\u00e9rification des administrations sociales<\/li><li>Et plus encore&#8230;<\/li><\/ul>\t\t\t\t\t\t<\/div>\n\t\t\t\t<\/div>\n\t\t\t\t<div class=\"elementor-element elementor-element-076788e elementor-widget elementor-widget-heading\" data-id=\"076788e\" data-element_type=\"widget\" data-widget_type=\"heading.default\">\n\t\t\t\t<div class=\"elementor-widget-container\">\n\t\t\t<h1 class=\"elementor-heading-title elementor-size-default\">Nos Missions juridiques<\/h1>\t\t<\/div>\n\t\t\t\t<\/div>\n\t\t\t\t<div class=\"elementor-element elementor-element-611c56f elementor-widget elementor-widget-text-editor\" data-id=\"611c56f\" data-element_type=\"widget\" data-widget_type=\"text-editor.default\">\n\t\t\t\t<div class=\"elementor-widget-container\">\n\t\t\t\t\t\t\t<ul><li>Cr\u00e9ation de structures juridiques<\/li><li>Conseils et suivis juridiques<\/li><li>Et plus encore&#8230;<\/li><\/ul>\t\t\t\t\t\t<\/div>\n\t\t\t\t<\/div>\n\t\t\t\t<\/div>\n\t\t\t\t\t<\/div>\n\t\t\t\t<\/div>\n\t\t\t\t\t\t\t<\/div>\n\t\t","protected":false},"excerpt":{"rendered":"<p>Pr\u00e9sentation du Cabinet Cabinet Pasquier,\u00a0conseil et Expertise-Comptable86 avenue de la R\u00e9sistance93340 Le RaincyT\u00e9l. : 01 78 78 81 69 ou 06 66 92 63 40fvpasquier@hotmail.frSIRET: 49313929900033 Notre Equipe Notre effectif est compos\u00e9 d&rsquo;une \u00e9quipe s\u00e9rieuse et dynamique: Mme Fabienne Pasquier : Expert Comptable et qualifi\u00e9e en mati\u00e8re sociale, fiscale et juridique Un ou deux collaborateurs [&hellip;]<\/p>\n","protected":false},"author":1,"featured_media":0,"parent":0,"menu_order":0,"comment_status":"closed","ping_status":"closed","template":"","meta":{"footnotes":""},"class_list":["post-16","page","type-page","status-publish","hentry"],"_links":{"self":[{"href":"https:\/\/votre-comptable.fr\/site\/wp-json\/wp\/v2\/pages\/16","targetHints":{"allow":["GET"]}}],"collection":[{"href":"https:\/\/votre-comptable.fr\/site\/wp-json\/wp\/v2\/pages"}],"about":[{"href":"https:\/\/votre-comptable.fr\/site\/wp-json\/wp\/v2\/types\/page"}],"author":[{"embeddable":true,"href":"https:\/\/votre-comptable.fr\/site\/wp-json\/wp\/v2\/users\/1"}],"replies":[{"embeddable":true,"href":"https:\/\/votre-comptable.fr\/site\/wp-json\/wp\/v2\/comments?post=16"}],"version-history":[{"count":16,"href":"https:\/\/votre-comptable.fr\/site\/wp-json\/wp\/v2\/pages\/16\/revisions"}],"predecessor-version":[{"id":139,"href":"https:\/\/votre-comptable.fr\/site\/wp-json\/wp\/v2\/pages\/16\/revisions\/139"}],"wp:attachment":[{"href":"https:\/\/votre-comptable.fr\/site\/wp-json\/wp\/v2\/media?parent=16"}],"curies":[{"name":"wp","href":"https:\/\/api.w.org\/{rel}","templated":true}]}}